{"id":11,"date":"2017-01-12T13:47:58","date_gmt":"2017-01-12T13:47:58","guid":{"rendered":"http:\/\/localhost\/adozona\/?page_id=11"},"modified":"2025-01-14T19:59:13","modified_gmt":"2025-01-14T19:59:13","slug":"sobre-adozona","status":"publish","type":"page","link":"https:\/\/adozona.org\/es\/sobre-adozona\/","title":{"rendered":"Sobre ADOZONA"},"content":{"rendered":"<p>La Asociaci\u00f3n Dominicana de Zonas Francas es la agrupaci\u00f3n empresarial que representa a los parques industriales y a las empresas de zonas francas en la Rep\u00fablica Dominicana. Es una entidad no gubernamental sin fines de lucro, conformada por las Empresas de Zonas Francas Especiales, Asociaciones de Empresas de Zonas Francas, Operadoras de Parques Industriales Privados, ubicadas en todo el territorio nacional.<\/p>","protected":false},"excerpt":{"rendered":"<p>La Asociaci\u00f3n Dominicana de Zonas Francas es la agrupaci\u00f3n empresarial que representa a los parques industriales y a las empresas de zonas francas en la Rep\u00fablica Dominicana. Es una entidad no gubernamental sin fines de lucro, conformada por las Empresas de Zonas Francas Especiales, Asociaciones de Empresas de Zonas Francas, Operadoras de Parques Industriales Privados, ubicadas en todo el territorio nacional.<\/p>\n","protected":false},"author":1,"featured_media":5371,"parent":0,"menu_order":0,"comment_status":"closed","ping_status":"closed","template":"","meta":[],"acf":[],"_links":{"self":[{"href":"https:\/\/adozona.org\/es\/wp-json\/wp\/v2\/pages\/11"}],"collection":[{"href":"https:\/\/adozona.org\/es\/wp-json\/wp\/v2\/pages"}],"about":[{"href":"https:\/\/adozona.org\/es\/wp-json\/wp\/v2\/types\/page"}],"author":[{"embeddable":true,"href":"https:\/\/adozona.org\/es\/wp-json\/wp\/v2\/users\/1"}],"replies":[{"embeddable":true,"href":"https:\/\/adozona.org\/es\/wp-json\/wp\/v2\/comments?post=11"}],"version-history":[{"count":11,"href":"https:\/\/adozona.org\/es\/wp-json\/wp\/v2\/pages\/11\/revisions"}],"predecessor-version":[{"id":4871,"href":"https:\/\/adozona.org\/es\/wp-json\/wp\/v2\/pages\/11\/revisions\/4871"}],"wp:featuredmedia":[{"embeddable":true,"href":"https:\/\/adozona.org\/es\/wp-json\/wp\/v2\/media\/5371"}],"wp:attachment":[{"href":"https:\/\/adozona.org\/es\/wp-json\/wp\/v2\/media?parent=11"}],"curies":[{"name":"wp","href":"https:\/\/api.w.org\/{rel}","templated":true}]}}