{"id":1169,"date":"2017-04-21T12:30:31","date_gmt":"2017-04-21T12:30:31","guid":{"rendered":"http:\/\/adozona.org\/?page_id=1169"},"modified":"2019-10-08T11:26:13","modified_gmt":"2019-10-08T11:26:13","slug":"tecnico-del-bid-valora-como-positivo-plantas-a-carbon","status":"publish","type":"page","link":"https:\/\/adozona.org\/es\/tecnico-del-bid-valora-como-positivo-plantas-a-carbon\/","title":{"rendered":"T\u00e9cnico del BID valora como positivo plantas a carb\u00f3n"},"content":{"rendered":"<p>El coordinador general del programa Iniciativa Sector Extractivo del Banco Interamericano de Desarrollo (BID), Ram\u00f3n Espinasa, valor\u00f3 ayer como positivo la construcci\u00f3n de las dos plantas a carb\u00f3n que levanta el gobierno en Punta Catalina, Ban\u00ed, porque considera que es la \u00fanica alternativa\u00a0 factible para los pr\u00f3ximos cinco a\u00f1os.<\/p>\n<p>Aclar\u00f3 que no est\u00e1 justificando la construcci\u00f3n de ese proyecto, pero precis\u00f3 que si es la \u00fanica respuesta a una necesidad de corto plazo, es la \u00fanica que hay que abordar para solucionar el problema de la generaci\u00f3n de electricidad en el pa\u00eds.<\/p>\n<p>Manifest\u00f3 que a los sectores que se oponen al proyecto habr\u00eda que preguntarle\u00a0 si quieren que haya apagones y que los pobres paguen la energ\u00eda\u00a0 m\u00e1s cara,\u00a0 o generar con plantas a carb\u00f3n.<\/p>\n<div id=\"FIOnDemandWrapper_fiInstance_101888_2_360661\" class=\"FIOnDemandWrapper\"><\/div>\n<p>Plante\u00f3 que por razones de disponibilidad del combustible cualquier cosa que sea disminuir el consumo de los combustibles derivados del petr\u00f3leo es m\u00e1s barato.<\/p>\n<p>Manifest\u00f3 que lo importante es que las autoridades dominicanas est\u00e9n conscientes de la situaci\u00f3n que enfrenta el pa\u00eds por la cantidad de apagones por d\u00eda que se producen y que comiencen a atacar ese problema. Subray\u00f3 que el BID colabora de lleno con las autoridades de la Rep\u00fablica Dominicana para que sea superado el problema de los apagones. Indic\u00f3 que mejorar el sistema de distribuci\u00f3n en las ciudades no es f\u00e1cil.<\/p>\n<p>Percibe que las autoridades est\u00e1n actuando y haciendo frente a ese problema en el sector el\u00e9ctrico. Aunque consider\u00f3 el gas natural el gas es m\u00e1s eficiente, limpio y barato, dijo que hoy en d\u00eda y en los pr\u00f3ximos cinco a\u00f1os no va a ver generaci\u00f3n a trav\u00e9s de ese combustible en la regi\u00f3n.<\/p>\n<p>Destac\u00f3 que es importante que haya una creciente participaci\u00f3n de energ\u00eda limpia, como la producida a base de las plantas a carb\u00f3n y gas natural, porque entiende que no solo se necesita que haya cantidad, sino tambi\u00e9n calidad.\u00a0 El t\u00e9cnico del BID habl\u00f3 durante la presentaci\u00f3n de un estudio realizado por ese organismo internacional denominado \u201cIluminando el Futuro\u201d, que analiza la situaci\u00f3n de la energ\u00eda el\u00e9ctrica en Centroam\u00e9rica y Rep\u00fablica Dominicana hasta el 2040. La presentaci\u00f3n del trabajo fue realizada durante un acto en la Corporaci\u00f3n Dominicana de Empresas El\u00e9ctricas Estatales (CDEEE), en el cual estuvieron presentes el vicepresidente de la CDEEE, Rub\u00e9n Bichara y la representante del BID en la Rep\u00fablica Dominicana,\u00a0 Flora Montealegre.<\/p>\n<p><strong>El reto<\/strong><br \/>\nEl estudio concluye que el reto para los pr\u00f3ximos 23 a\u00f1os es la disminuci\u00f3n de las vulnerabilidades y la interrupci\u00f3n del suministro\u00a0 de la energ\u00eda el\u00e9ctrica mientras crece la demanda.<\/p>\n<p>Seg\u00fan el estudio, en la Rep\u00fablica Dominicana se producen 18 apagones por mes,\u00a0\u00a0 superando a los dem\u00e1s pa\u00edses de Centroam\u00e9rica.<\/p>\n<p>Durante la presentaci\u00f3n del documento, el consultor del BID expuso que el grueso de la electricidad que se consume en el mundo es a partir de los hidrocarburos, de cuya realidad no est\u00e1 exenta la Rep\u00fablica Dominicana, donde, seg\u00fan mostr\u00f3, el 52 por ciento de la electricidad es a trav\u00e9s de los derivados del petr\u00f3leo.<\/p>\n<p>Estima que en el 2040 la Rep\u00fablica Dominicana consumir\u00e1 el doble de la energ\u00eda de hoy en d\u00eda, porque pasar\u00eda de 19 a 58 teravatios por horas.<\/p>\n<p>Expuso que en un escenario alterno, la Rep\u00fablica Dominicana necesitar\u00eda invertir 1,600 millones de d\u00f3lares por a\u00f1o en ese sector, pero sostuvo que el costo de la electricidad tiende a aumentar de no hacerse las inversiones necesarias.<\/p>\n<p>Espinasa, quien fue el responsable de la realizaci\u00f3n del estudio, explic\u00f3 que la raz\u00f3n de ese elevado consumo que tendr\u00eda el pa\u00eds se debe al crecimiento de la econom\u00eda, pues resalt\u00f3 que los mayores consumidores de energ\u00eda son los pa\u00edses que tienen las mayores econom\u00edas.<\/p>\n<p>Indic\u00f3 que los pa\u00edses m\u00e1s ricos gastan menos en energ\u00eda que los m\u00e1s pobres.<\/p>\n<p><strong>(+)<br \/>\nINVERSI\u00d3N Y COSTO DE LA ENERG\u00cdA EN EL PA\u00cdS<br \/>\nAumento del consumo: <\/strong>El BID calcula que en la Rep\u00fablica Dominicana\u00a0 se paga la energ\u00eda por 200 d\u00dalares por megavatios horas.<\/p>\n<p>El estudio indica que las necesidades el\u00e9ctricas en la regi\u00f3n aumentar\u00e1 en un 117 por ciento al 2040, pero resalta como una noticia buena que se har\u00e1 m\u00e1s con menos dinero.<\/p>\n<p><strong>Inversi\u00f3n: <\/strong>El estudio presenta como escenario alterno para el 2040 el paso de la generaci\u00f3n de energ\u00eda hidr\u00e1ulica\u00a0 y diesel a gas natural. Se proyecta que la energ\u00eda solar y e\u00f3lica crecer\u00e1 casi cinco veces a la generaci\u00f3n actual.\u00a0 El estudio se\u00f1ala que la energ\u00eda con gas natural es m\u00e1s eficiente.\u00a0 Se estima que para el 2040 se requerir\u00e1 de una inversi\u00f3n\u00a0 anual de 2.8 millones de d\u00f3lares.<\/p>\n<p>Fuente: Listin Diario<\/p>","protected":false},"excerpt":{"rendered":"<p>El coordinador general del programa Iniciativa Sector Extractivo del Banco Interamericano de Desarrollo (BID), Ram\u00f3n Espinasa, valor\u00f3 ayer como positivo la construcci\u00f3n de las dos plantas a carb\u00f3n que levanta el gobierno en Punta Catalina, Ban\u00ed, porque considera que es la \u00fanica alternativa\u00a0 factible para los pr\u00f3ximos cinco a\u00f1os. Aclar\u00f3 que no est\u00e1 justificando la construcci\u00f3n de ese proyecto, pero precis\u00f3 que si es la \u00fanica respuesta a una necesidad de corto plazo, es la \u00fanica que hay que abordar para solucionar el problema de la generaci\u00f3n de electricidad en el pa\u00eds. Manifest\u00f3 que a los sectores que se oponen al proyecto habr\u00eda que preguntarle\u00a0 si quieren que haya apagones y que los pobres paguen la energ\u00eda\u00a0 m\u00e1s cara,\u00a0 o [&hellip;]<\/p>\n","protected":false},"author":1,"featured_media":1170,"parent":0,"menu_order":0,"comment_status":"closed","ping_status":"closed","template":"","meta":[],"acf":[],"_links":{"self":[{"href":"https:\/\/adozona.org\/es\/wp-json\/wp\/v2\/pages\/1169"}],"collection":[{"href":"https:\/\/adozona.org\/es\/wp-json\/wp\/v2\/pages"}],"about":[{"href":"https:\/\/adozona.org\/es\/wp-json\/wp\/v2\/types\/page"}],"author":[{"embeddable":true,"href":"https:\/\/adozona.org\/es\/wp-json\/wp\/v2\/users\/1"}],"replies":[{"embeddable":true,"href":"https:\/\/adozona.org\/es\/wp-json\/wp\/v2\/comments?post=1169"}],"version-history":[{"count":2,"href":"https:\/\/adozona.org\/es\/wp-json\/wp\/v2\/pages\/1169\/revisions"}],"predecessor-version":[{"id":3217,"href":"https:\/\/adozona.org\/es\/wp-json\/wp\/v2\/pages\/1169\/revisions\/3217"}],"wp:featuredmedia":[{"embeddable":true,"href":"https:\/\/adozona.org\/es\/wp-json\/wp\/v2\/media\/1170"}],"wp:attachment":[{"href":"https:\/\/adozona.org\/es\/wp-json\/wp\/v2\/media?parent=1169"}],"curies":[{"name":"wp","href":"https:\/\/api.w.org\/{rel}","templated":true}]}}