{"id":164,"date":"2017-01-17T21:51:09","date_gmt":"2017-01-17T21:51:09","guid":{"rendered":"http:\/\/192.99.35.21\/~adozona\/?page_id=164"},"modified":"2019-10-08T15:03:35","modified_gmt":"2019-10-08T15:03:35","slug":"cnzfe","status":"publish","type":"page","link":"https:\/\/adozona.org\/es\/zonas-francas\/cnzfe\/","title":{"rendered":"CNZFE"},"content":{"rendered":"<p>El CNZFE es la autoridad oficial que regula el cumplimiento de la Ley 8-90, sobre Zonas Francas y est\u00e1 integrado por representantes de los sectores p\u00fablico y privado, presidido por el Ministro de Industria y Comercio. Este organismo tiene el objetivo de delinear pol\u00edticas para el fomento y desarrollo de las Zonas Francas, as\u00ed como de conocer y aprobar las solicitudes de licencias de operaci\u00f3n.<\/p>","protected":false},"excerpt":{"rendered":"<p>El CNZFE es la autoridad oficial que regula el cumplimiento de la Ley 8-90, sobre Zonas Francas y est\u00e1 integrado por representantes de los sectores p\u00fablico y privado, presidido por el Ministro de Industria y Comercio. Este organismo tiene el objetivo de delinear pol\u00edticas para el fomento y desarrollo de las Zonas Francas, as\u00ed como de conocer y aprobar las solicitudes de licencias de operaci\u00f3n.<\/p>\n","protected":false},"author":1,"featured_media":165,"parent":9,"menu_order":0,"comment_status":"closed","ping_status":"closed","template":"","meta":[],"acf":[],"_links":{"self":[{"href":"https:\/\/adozona.org\/es\/wp-json\/wp\/v2\/pages\/164"}],"collection":[{"href":"https:\/\/adozona.org\/es\/wp-json\/wp\/v2\/pages"}],"about":[{"href":"https:\/\/adozona.org\/es\/wp-json\/wp\/v2\/types\/page"}],"author":[{"embeddable":true,"href":"https:\/\/adozona.org\/es\/wp-json\/wp\/v2\/users\/1"}],"replies":[{"embeddable":true,"href":"https:\/\/adozona.org\/es\/wp-json\/wp\/v2\/comments?post=164"}],"version-history":[{"count":2,"href":"https:\/\/adozona.org\/es\/wp-json\/wp\/v2\/pages\/164\/revisions"}],"predecessor-version":[{"id":3238,"href":"https:\/\/adozona.org\/es\/wp-json\/wp\/v2\/pages\/164\/revisions\/3238"}],"up":[{"embeddable":true,"href":"https:\/\/adozona.org\/es\/wp-json\/wp\/v2\/pages\/9"}],"wp:featuredmedia":[{"embeddable":true,"href":"https:\/\/adozona.org\/es\/wp-json\/wp\/v2\/media\/165"}],"wp:attachment":[{"href":"https:\/\/adozona.org\/es\/wp-json\/wp\/v2\/media?parent=164"}],"curies":[{"name":"wp","href":"https:\/\/api.w.org\/{rel}","templated":true}]}}