{"id":167,"date":"2017-01-17T21:53:20","date_gmt":"2017-01-17T21:53:20","guid":{"rendered":"http:\/\/192.99.35.21\/~adozona\/?page_id=167"},"modified":"2019-10-08T15:10:48","modified_gmt":"2019-10-08T15:10:48","slug":"beneficios-e-incentivos","status":"publish","type":"page","link":"https:\/\/adozona.org\/es\/zonas-francas\/beneficios-e-incentivos\/","title":{"rendered":"Beneficios e Incentivos"},"content":{"rendered":"<p><\/p>\n<ul>\n<li>Del pago de impuesto sobre la renta establecido por la ley 5911, del 22 de mayo de\u00a01962, y sus modificaciones, referentes a las compa\u00f1\u00edas por acciones.<\/li>\n<li>Del pago de impuesto sobre la construcci\u00f3n, los contratos de pr\u00e9stamos y sobre el\u00a0registro y traspaso de bienes inmuebles a partir de la constituci\u00f3n de la operadora de\u00a0zonas francas correspondiente.<\/li>\n<li>Del pago de impuesto sobre la constituci\u00f3n de sociedades comerciales o de aumento\u00a0del capital de las mismas.<\/li>\n<li>Del pago de impuestos municipales creados que puedan afectar estas actividades.<\/li>\n<li>De todos los impuestos de importaci\u00f3n, arancel, derechos aduanales y dem\u00e1s\u00a0grav\u00e1menes conexos, que afecten las materias primas, equipos, materiales de\u00a0construcci\u00f3n, partes de edificaciones, equipos de oficinas, etc., todos ellos destinados\u00a0a: construir, habilitar u operar en las zonas francas.<\/li>\n<\/ul>\n<p><\/p>","protected":false},"excerpt":{"rendered":"<p>Del pago de impuesto sobre la renta establecido por la ley 5911, del 22 de mayo de\u00a01962, y sus modificaciones, referentes a las compa\u00f1\u00edas por acciones. Del pago de impuesto sobre la construcci\u00f3n, los contratos de pr\u00e9stamos y sobre el\u00a0registro y traspaso de bienes inmuebles a partir de la constituci\u00f3n de la operadora de\u00a0zonas francas correspondiente. Del pago de impuesto sobre la constituci\u00f3n de sociedades comerciales o de aumento\u00a0del capital de las mismas. Del pago de impuestos municipales creados que puedan afectar estas actividades. De todos los impuestos de importaci\u00f3n, arancel, derechos aduanales y dem\u00e1s\u00a0grav\u00e1menes conexos, que afecten las materias primas, equipos, materiales de\u00a0construcci\u00f3n, partes de edificaciones, equipos de oficinas, etc., todos ellos destinados\u00a0a: construir, habilitar u operar en las [&hellip;]<\/p>\n","protected":false},"author":1,"featured_media":0,"parent":9,"menu_order":0,"comment_status":"closed","ping_status":"closed","template":"","meta":[],"acf":[],"_links":{"self":[{"href":"https:\/\/adozona.org\/es\/wp-json\/wp\/v2\/pages\/167"}],"collection":[{"href":"https:\/\/adozona.org\/es\/wp-json\/wp\/v2\/pages"}],"about":[{"href":"https:\/\/adozona.org\/es\/wp-json\/wp\/v2\/types\/page"}],"author":[{"embeddable":true,"href":"https:\/\/adozona.org\/es\/wp-json\/wp\/v2\/users\/1"}],"replies":[{"embeddable":true,"href":"https:\/\/adozona.org\/es\/wp-json\/wp\/v2\/comments?post=167"}],"version-history":[{"count":5,"href":"https:\/\/adozona.org\/es\/wp-json\/wp\/v2\/pages\/167\/revisions"}],"predecessor-version":[{"id":3239,"href":"https:\/\/adozona.org\/es\/wp-json\/wp\/v2\/pages\/167\/revisions\/3239"}],"up":[{"embeddable":true,"href":"https:\/\/adozona.org\/es\/wp-json\/wp\/v2\/pages\/9"}],"wp:attachment":[{"href":"https:\/\/adozona.org\/es\/wp-json\/wp\/v2\/media?parent=167"}],"curies":[{"name":"wp","href":"https:\/\/api.w.org\/{rel}","templated":true}]}}