{"id":177,"date":"2017-01-17T22:03:32","date_gmt":"2017-01-17T22:03:32","guid":{"rendered":"http:\/\/192.99.35.21\/~adozona\/?page_id=177"},"modified":"2022-09-10T10:24:17","modified_gmt":"2022-09-10T10:24:17","slug":"acuerdos-internacionales","status":"publish","type":"page","link":"https:\/\/adozona.org\/es\/acuerdos-internacionales\/","title":{"rendered":"Acuerdos interinstitucionales"},"content":{"rendered":"<p><\/p>\n<ul>\n<li>\n<p><strong>ADOZONA \/ DIRECCION GENERAL DE ADUANAS \/ CONSEJO NACIONAL DE ZONAS FRANCAS (CNZFE)<\/strong>, suscrito en fecha 12 de agosto de 1994, con el objetivo de:<\/p>\n<p>a) Unificar las tarifas para el tr\u00e1nsito y verificaci\u00f3n desde los puertos y aeropuertos del pa\u00eds hasta las empresas y parques.<\/p>\n<p>b) Crear un horario uniforme de trabajo para las oficinas de aduanas radicadas en los Parques de Zonas Francas.<\/p>\n<p>c) Designar en cada puerto y aeropuerto un Subcolector de Aduanas para asuntos de Zonas Francas.<\/p>\n<div class=\"height10\"><\/div>\n<\/li>\n<li>\n<p><strong>ADOZONA \/ INSTITUTO T\u00c9CNICO- PROFESIONAL (INFOTEP)<\/strong>, suscrito el 16 de marzo de 1992 mediante el cual el sector dispone de la especializaci\u00f3n de un fondo de un 35% de total de los aportes que realizan las empresas del sector al INFOTEP para establecer programas y cursos de capacitaci\u00f3n para los trabajadores de Zonas Francas.<\/p>\n<div class=\"height10\"><\/div>\n<\/li>\n<li>\n<p><strong>ADOZONA \/ PROCURADURIA GENERAL DE LA REP\u00daBLICA \/ MINISTERIO DE LA MUJER \/ MINISTERIO DE TRABAJO<\/strong>, suscrito el 30 de julio de 2012 con la finalidad de dise\u00f1ar y ejecutar un plan estrat\u00e9gico que contribuya a la prevenci\u00f3n y erradicaci\u00f3n de la violencia contra la mujer y el hostigamiento, mediante la capacitaci\u00f3n desde los lugares de trabajo de empleados y empleadas de las Zonas Francas.<\/p>\n<div class=\"height10\"><\/div>\n<\/li>\n<li>\n<p><strong>ADOZONA \/ CONAVIHSIDA \/ MINISTERIO DE TRABAJO \/ SECTOR TRABAJADORES<\/strong>. Acuerdo de suscripci\u00f3n y adopci\u00f3n de la Pol\u00edtica de VIH y Sida en el lugar de trabajo para el sector Zonas Francas firmado en fecha 20 de diciembre 2012.<\/p>\n<div class=\"height10\"><\/div>\n<\/li>\n<li>\n<p><strong>Acuerdo CNZFE-MINERD-ADOZONA<\/strong>. Acuerdo de colaboraci\u00f3n entre el Consejo Nacional de Zonas Francas de Exportaci\u00f3n, el Ministerio de Educaci\u00f3n de la Rep\u00fablica Dominicana y la Asociaci\u00f3n Dominicana de Zonas Francas con el fin de construir Estancias Infantiles en zonas aleda\u00f1as, adecuaci\u00f3n de Polit\u00e9cnicos y visitas de estudiantes a Parques de ZF.<\/p>\n<div class=\"height10\"><\/div>\n<\/li>\n<li>\n<p><strong>Acuerdo ADOZONA \/ APEC<\/strong>. Acuerdo de colaboraci\u00f3n firmado el 24 de julio de 2019, que tiene como fin, entre otros, establecer mecanismos de colaboraci\u00f3n mutua para el desarrollo de programas acad\u00e9micos, de grado, posgrado, as\u00ed como cualquier otra actividad propia del quehacer de instituciones educativas y empresariales.<\/p>\n<div class=\"height10\"><\/div>\n<\/li>\n<li>\n<p><strong>Acuerdo ADOZONA\/UNIBE (Universidad Iberoamericana)<\/strong>: Suscrito el 16 de diciembre de 2021, con el objetivo de fomentar el intercambio de experiencias acad\u00e9micas, culturales y de investigaci\u00f3n dentro de las \u00e1reas de inter\u00e9s del sector, mediante programas de educaci\u00f3n continua, capacitaci\u00f3n y formaci\u00f3n de personal en beneficio del mercado laborar de las Zonas Francas miembros de ADOZONA.<\/p>\n<div class=\"height10\"><\/div>\n<\/li>\n<\/ul>\n<p><\/p>","protected":false},"excerpt":{"rendered":"<p>ADOZONA \/ DIRECCION GENERAL DE ADUANAS \/ CONSEJO NACIONAL DE ZONAS FRANCAS (CNZFE), suscrito en fecha 12 de agosto de 1994, con el objetivo de: a) Unificar las tarifas para el tr\u00e1nsito y verificaci\u00f3n desde los puertos y aeropuertos del pa\u00eds hasta las empresas y parques. b) Crear un horario uniforme de trabajo para las oficinas de aduanas radicadas en los Parques de Zonas Francas. c) Designar en cada puerto y aeropuerto un Subcolector de Aduanas para asuntos de Zonas Francas. ADOZONA \/ INSTITUTO T\u00c9CNICO- PROFESIONAL (INFOTEP), suscrito el 16 de marzo de 1992 mediante el cual el sector dispone de la especializaci\u00f3n de un fondo de un 35% de total de los aportes que realizan las empresas del sector [&hellip;]<\/p>\n","protected":false},"author":1,"featured_media":0,"parent":0,"menu_order":0,"comment_status":"closed","ping_status":"closed","template":"","meta":[],"acf":[],"_links":{"self":[{"href":"https:\/\/adozona.org\/es\/wp-json\/wp\/v2\/pages\/177"}],"collection":[{"href":"https:\/\/adozona.org\/es\/wp-json\/wp\/v2\/pages"}],"about":[{"href":"https:\/\/adozona.org\/es\/wp-json\/wp\/v2\/types\/page"}],"author":[{"embeddable":true,"href":"https:\/\/adozona.org\/es\/wp-json\/wp\/v2\/users\/1"}],"replies":[{"embeddable":true,"href":"https:\/\/adozona.org\/es\/wp-json\/wp\/v2\/comments?post=177"}],"version-history":[{"count":8,"href":"https:\/\/adozona.org\/es\/wp-json\/wp\/v2\/pages\/177\/revisions"}],"predecessor-version":[{"id":4862,"href":"https:\/\/adozona.org\/es\/wp-json\/wp\/v2\/pages\/177\/revisions\/4862"}],"wp:attachment":[{"href":"https:\/\/adozona.org\/es\/wp-json\/wp\/v2\/media?parent=177"}],"curies":[{"name":"wp","href":"https:\/\/api.w.org\/{rel}","templated":true}]}}