{"id":27,"date":"2017-01-12T13:52:46","date_gmt":"2017-01-12T13:52:46","guid":{"rendered":"http:\/\/localhost\/adozona\/?page_id=27"},"modified":"2025-01-14T20:02:28","modified_gmt":"2025-01-14T20:02:28","slug":"portada","status":"publish","type":"page","link":"https:\/\/adozona.org\/es\/","title":{"rendered":"Portada"},"content":{"rendered":"<p>La Asociaci\u00f3n Dominicana de Zonas Francas es la agrupaci\u00f3n empresarial sin fines de lucro que est\u00e1 conformada por parques industriales privados, instituciones colaboradoras y empresas de zonas francas en la Rep\u00fablica Dominicana.<\/p>","protected":false},"excerpt":{"rendered":"<p>La Asociaci\u00f3n Dominicana de Zonas Francas es la agrupaci\u00f3n empresarial sin fines de lucro que est\u00e1 conformada por parques industriales privados, instituciones colaboradoras y empresas de zonas francas en la Rep\u00fablica Dominicana.<\/p>\n","protected":false},"author":1,"featured_media":5372,"parent":0,"menu_order":0,"comment_status":"closed","ping_status":"closed","template":"","meta":[],"acf":[],"_links":{"self":[{"href":"https:\/\/adozona.org\/es\/wp-json\/wp\/v2\/pages\/27"}],"collection":[{"href":"https:\/\/adozona.org\/es\/wp-json\/wp\/v2\/pages"}],"about":[{"href":"https:\/\/adozona.org\/es\/wp-json\/wp\/v2\/types\/page"}],"author":[{"embeddable":true,"href":"https:\/\/adozona.org\/es\/wp-json\/wp\/v2\/users\/1"}],"replies":[{"embeddable":true,"href":"https:\/\/adozona.org\/es\/wp-json\/wp\/v2\/comments?post=27"}],"version-history":[{"count":4,"href":"https:\/\/adozona.org\/es\/wp-json\/wp\/v2\/pages\/27\/revisions"}],"predecessor-version":[{"id":4870,"href":"https:\/\/adozona.org\/es\/wp-json\/wp\/v2\/pages\/27\/revisions\/4870"}],"wp:featuredmedia":[{"embeddable":true,"href":"https:\/\/adozona.org\/es\/wp-json\/wp\/v2\/media\/5372"}],"wp:attachment":[{"href":"https:\/\/adozona.org\/es\/wp-json\/wp\/v2\/media?parent=27"}],"curies":[{"name":"wp","href":"https:\/\/api.w.org\/{rel}","templated":true}]}}