{"id":3535,"date":"2020-11-13T07:19:22","date_gmt":"2020-11-13T07:19:22","guid":{"rendered":"http:\/\/adozona.org\/?page_id=3535"},"modified":"2021-02-11T12:20:57","modified_gmt":"2021-02-11T12:20:57","slug":"herramienta-de-categorizacion-de-proveedores-dmf","status":"publish","type":"page","link":"https:\/\/adozona.org\/es\/herramienta-de-categorizacion-de-proveedores-dmf\/","title":{"rendered":"Herramienta de Categorizaci\u00f3n de Proveedores DMF"},"content":{"rendered":"<p><!--<img loading=\"lazy\" width=\"1460\" height=\"569\" class=\"alignnone size-full wp-image-3537\" src=\"http:\/\/adozona.org\/wp-content\/uploads\/2020\/11\/demo1.jpg\" alt=\"\" srcset=\"https:\/\/adozona.org\/wp-content\/uploads\/2020\/11\/demo1.jpg 1460w, https:\/\/adozona.org\/wp-content\/uploads\/2020\/11\/demo1-300x117.jpg 300w, https:\/\/adozona.org\/wp-content\/uploads\/2020\/11\/demo1-768x299.jpg 768w, https:\/\/adozona.org\/wp-content\/uploads\/2020\/11\/demo1-1024x399.jpg 1024w\" sizes=\"(max-width: 1460px) 100vw, 1460px\" \/>--><\/p>\n<table>\n<tbody>\n<tr>\n<td>\n<h4>Antecedentes<\/h4>\n<p>Esta plataforma se desarrolla como parte del Proyecto \u201cHerramienta de Categorizaci\u00f3n de Empresas para Encadenamiento Productivo con el Subsector de Dispositivos M\u00e9dicos\u201d, sometido en 2019 por la Asociaci\u00f3n Dominicana de Zonas Francas (ADOZONA), y forma parte del Programa de Encadenamiento Productivo Digital (PEPD), eje de Productividad y Empleo del programa Rep\u00fablica Digital, desarrollado por el Viceministerio de Fomento a las Mipymes del Ministerio de Industria, Comercio y MIPYMES (MICM), bajo la gesti\u00f3n y coordinaci\u00f3n de la Asociaci\u00f3n de Industrias de la Rep\u00fablica Dominicana (AIRD), con el apoyo del Cl\u00faster de Componentes M\u00e9dicos y Farmac\u00e9uticos (CMF) y del Consejo Nacional de Zonas Francas (CNZZFF).<\/td>\n<\/tr>\n<tr>\n<td>\n<h4>\u00bfQu\u00e9 es la Herramienta de Categorizaci\u00f3n de Proveedores?<\/h4>\n<p>Es una plataforma que procura desarrollar proveedores a nivel nacional para el subsector de Dispositivos M\u00e9dicos y Farmac\u00e9uticos de Zonas Francas.<\/td>\n<\/tr>\n<tr>\n<td><strong>\u00bfQu\u00e9 hace?<\/strong><br \/>\nEval\u00faa y clasifica digitalmente a los suplidores que pudieran proveer servicios y\/o bienes de consumo a las empresas de este subsector.<\/td>\n<\/tr>\n<tr>\n<td><strong>\u00bfC\u00f3mo lo hace?<\/strong><br \/>\nA trav\u00e9s de una autoevaluaci\u00f3n en l\u00ednea brinda un diagn\u00f3stico de las capacidades como proveedor en base a los requisitos del subsector.<\/td>\n<\/tr>\n<tr>\n<td><strong>\u00bfQu\u00e9 beneficios ofrece?<\/strong><br \/>\n\u2022 Proveedores categorizados entran a formar parte de la gran red de suministro de la industria de dispositivos m\u00e9dicos y farmac\u00e9uticos.<br \/>\n\u2022 Promoci\u00f3n y asesor\u00eda para la mejora de productos y procesos de acuerdo con requerimientos globales.<br \/>\n\u2022 Transformaci\u00f3n de un suplidor local a un suplidor internacional.<br \/>\n\u2022 Incremento a los niveles de exportaci\u00f3n.<br \/>\n\u2022 Incremento de la cartera de clientes internacionales.<\/td>\n<\/tr>\n<tr>\n<td><strong>\u00bfQui\u00e9nes pueden accesar a la herramienta de categorizaci\u00f3n de proveedores de DMyF?<\/strong><br \/>\nToda empresa proveedora de bienes y\/o servicios de inter\u00e9s para el subsector de Dispositivos Medicos y Farmac\u00e9uticos que est\u00e9 formalmente registrada y localizada en territorio nacional.<\/td>\n<\/tr>\n<tr>\n<td><strong>\u00bfC\u00f3mo s\u00e9 si mi empresa tiene potencial para suplir a este subsector?<\/strong><br \/>\nRemitiendo solicitud de acceso v\u00eda el siguiente link: <a href=\"https:\/\/categorizate.micm.gob.do\/\" target=\"_blank\" rel=\"noopener\">https:\/\/categorizate.micm.gob.do<\/a>, el administrador de la plataforma validar\u00e1 si los productos y\/o servicios que ofrece resultan de inter\u00e9s para el subsector.<\/td>\n<\/tr>\n<tr>\n<td><strong>\u00bfC\u00f3mo puedo acceder a la herramienta de categorizaci\u00f3n de proveedores de DMyF?<\/strong><br \/>\nPara acceder a la Herramienta de Categorizaci\u00f3n de Proveedores puede utilizar el siguiente link: <a href=\"https:\/\/categorizate.micm.gob.do\/\" target=\"_blank\" rel=\"noopener\">https:\/\/categorizate.micm.gob.do<\/a><\/td>\n<\/tr>\n<\/tbody>\n<\/table>\n<p><\/p>","protected":false},"excerpt":{"rendered":"<p>Antecedentes Esta plataforma se desarrolla como parte del Proyecto \u201cHerramienta de Categorizaci\u00f3n de Empresas para Encadenamiento Productivo con el Subsector de Dispositivos M\u00e9dicos\u201d, sometido en 2019 por la Asociaci\u00f3n Dominicana de Zonas Francas (ADOZONA), y forma parte del Programa de Encadenamiento Productivo Digital (PEPD), eje de Productividad y Empleo del programa Rep\u00fablica Digital, desarrollado por el Viceministerio de Fomento a las Mipymes del Ministerio de Industria, Comercio y MIPYMES (MICM), bajo la gesti\u00f3n y coordinaci\u00f3n de la Asociaci\u00f3n de Industrias de la Rep\u00fablica Dominicana (AIRD), con el apoyo del Cl\u00faster de Componentes M\u00e9dicos y Farmac\u00e9uticos (CMF) y del Consejo Nacional de Zonas Francas (CNZZFF). \u00bfQu\u00e9 es la Herramienta de Categorizaci\u00f3n de Proveedores? Es una plataforma que procura desarrollar proveedores a [&hellip;]<\/p>\n","protected":false},"author":1,"featured_media":0,"parent":0,"menu_order":0,"comment_status":"closed","ping_status":"closed","template":"","meta":[],"acf":[],"_links":{"self":[{"href":"https:\/\/adozona.org\/es\/wp-json\/wp\/v2\/pages\/3535"}],"collection":[{"href":"https:\/\/adozona.org\/es\/wp-json\/wp\/v2\/pages"}],"about":[{"href":"https:\/\/adozona.org\/es\/wp-json\/wp\/v2\/types\/page"}],"author":[{"embeddable":true,"href":"https:\/\/adozona.org\/es\/wp-json\/wp\/v2\/users\/1"}],"replies":[{"embeddable":true,"href":"https:\/\/adozona.org\/es\/wp-json\/wp\/v2\/comments?post=3535"}],"version-history":[{"count":8,"href":"https:\/\/adozona.org\/es\/wp-json\/wp\/v2\/pages\/3535\/revisions"}],"predecessor-version":[{"id":3596,"href":"https:\/\/adozona.org\/es\/wp-json\/wp\/v2\/pages\/3535\/revisions\/3596"}],"wp:attachment":[{"href":"https:\/\/adozona.org\/es\/wp-json\/wp\/v2\/media?parent=3535"}],"curies":[{"name":"wp","href":"https:\/\/api.w.org\/{rel}","templated":true}]}}