{"id":4022,"date":"2021-08-03T13:30:20","date_gmt":"2021-08-03T13:30:20","guid":{"rendered":"https:\/\/adozona.org\/?page_id=4022"},"modified":"2021-08-12T00:07:57","modified_gmt":"2021-08-12T00:07:57","slug":"dia-nacional-de-las-zonas-francas","status":"publish","type":"page","link":"https:\/\/adozona.org\/es\/dia-nacional-de-las-zonas-francas\/","title":{"rendered":"D\u00eda Nacional de las Zonas Francas"},"content":{"rendered":"<p>En el \u00abD\u00eda Nacional de las Zonas Francas\u00bb expertos nacionales e internacionales presentar\u00e1n los avances, tendencias y proyecciones de las zonas francas en RD como modelo de \u00e9xito regional en la recuperaci\u00f3n econ\u00f3mica y la generaci\u00f3n de empleos, en el evento \u201cZonas Francas, Zonas de Oportunidades\u201d (ZFZO), organizado por la Asociaci\u00f3n Dominicana de Zonas Francas (ADOZONA), en coordinaci\u00f3n con el Ministerio de Industria, Comercio y Mipymes (MICM) y el Consejo Nacional de Zonas Francas de Exportaci\u00f3n (CNZFE).<\/p>","protected":false},"excerpt":{"rendered":"<p>En el \u00abD\u00eda Nacional de las Zonas Francas\u00bb expertos nacionales e internacionales presentar\u00e1n los avances, tendencias y proyecciones de las zonas francas en RD como modelo de \u00e9xito regional en la recuperaci\u00f3n econ\u00f3mica y la generaci\u00f3n de empleos, en el evento \u201cZonas Francas, Zonas de Oportunidades\u201d (ZFZO), organizado por la Asociaci\u00f3n Dominicana de Zonas Francas (ADOZONA), en coordinaci\u00f3n con el Ministerio de Industria, Comercio y Mipymes (MICM) y el Consejo Nacional de Zonas Francas de Exportaci\u00f3n (CNZFE).<\/p>\n","protected":false},"author":1,"featured_media":0,"parent":0,"menu_order":0,"comment_status":"closed","ping_status":"closed","template":"page-encuentroanual2021.php","meta":[],"acf":[],"_links":{"self":[{"href":"https:\/\/adozona.org\/es\/wp-json\/wp\/v2\/pages\/4022"}],"collection":[{"href":"https:\/\/adozona.org\/es\/wp-json\/wp\/v2\/pages"}],"about":[{"href":"https:\/\/adozona.org\/es\/wp-json\/wp\/v2\/types\/page"}],"author":[{"embeddable":true,"href":"https:\/\/adozona.org\/es\/wp-json\/wp\/v2\/users\/1"}],"replies":[{"embeddable":true,"href":"https:\/\/adozona.org\/es\/wp-json\/wp\/v2\/comments?post=4022"}],"version-history":[{"count":4,"href":"https:\/\/adozona.org\/es\/wp-json\/wp\/v2\/pages\/4022\/revisions"}],"predecessor-version":[{"id":4026,"href":"https:\/\/adozona.org\/es\/wp-json\/wp\/v2\/pages\/4022\/revisions\/4026"}],"wp:attachment":[{"href":"https:\/\/adozona.org\/es\/wp-json\/wp\/v2\/media?parent=4022"}],"curies":[{"name":"wp","href":"https:\/\/api.w.org\/{rel}","templated":true}]}}