{"id":4131,"date":"2022-03-01T09:58:49","date_gmt":"2022-03-01T09:58:49","guid":{"rendered":"https:\/\/adozona.org\/?page_id=4131"},"modified":"2022-08-04T14:28:59","modified_gmt":"2022-08-04T14:28:59","slug":"beneficios","status":"publish","type":"page","link":"https:\/\/adozona.org\/es\/beneficios\/","title":{"rendered":"Beneficios"},"content":{"rendered":"<p><\/p>\n<h3>Los principales beneficios que ofrece ADOZONA a sus afiliados son:<\/h3>\n<ul>\n<li>REPRESENTACI\u00d3N DEL SECTOR<br \/>\nRepresentaci\u00f3n de los intereses del sector ante las instancias gubernamentales, legislativas, judiciales y organismos internacionales.<\/li>\n<li>PROMOCI\u00d3N DE INVERSIONES<br \/>\nPromoci\u00f3n de la inversi\u00f3n en el sector de Zonas Francas y b\u00fasqueda de oportunidades de negocios para sus afiliados.<\/li>\n<li>CLIMA DE NEGOCIOS<br \/>\nRealizaci\u00f3n de actividades que permitan elevar los niveles de conocimiento sobre temas que inciden directamente en la competitividad del sector.<\/li>\n<li>INFORMACI\u00d3N<br \/>\nInformaci\u00f3n actualizada de lo que ocurre a nivel nacional e internacional que pudiera incidir directa o indirectamente con las zonas francas y el comercio internacional, as\u00ed como \u00faltimas disposiciones legales que pudieran afectar las operaciones de las empresas.<\/li>\n<li>BENEFICIOS DE ACUERDOS<br \/>\nDisfrute de los beneficios de los Acuerdos que ADOZONA haya firmado o firme con cualquier instituci\u00f3n estatal o privada.<\/li>\n<li>FACILITACI\u00d3N DE COMERCIO<br \/>\nInterceder ante las diferentes instituciones gubernamentales y organismos locales e internacionales, con el fin de garantizar un movimiento expedito de las mercanc\u00edas y el respeto de los derechos adquiridos.<\/li>\n<li>AGENDA INTERNACIONAL<br \/>\nRepresentaci\u00f3n del sector ante los procesos de negociaciones internacionales en la que el pa\u00eds se encuentra inmerso.<\/li>\n<\/ul>\n<p><\/p>","protected":false},"excerpt":{"rendered":"<p>Los principales beneficios que ofrece ADOZONA a sus afiliados son: REPRESENTACI\u00d3N DEL SECTOR Representaci\u00f3n de los intereses del sector ante las instancias gubernamentales, legislativas, judiciales y organismos internacionales. PROMOCI\u00d3N DE INVERSIONES Promoci\u00f3n de la inversi\u00f3n en el sector de Zonas Francas y b\u00fasqueda de oportunidades de negocios para sus afiliados. CLIMA DE NEGOCIOS Realizaci\u00f3n de actividades que permitan elevar los niveles de conocimiento sobre temas que inciden directamente en la competitividad del sector. INFORMACI\u00d3N Informaci\u00f3n actualizada de lo que ocurre a nivel nacional e internacional que pudiera incidir directa o indirectamente con las zonas francas y el comercio internacional, as\u00ed como \u00faltimas disposiciones legales que pudieran afectar las operaciones de las empresas. BENEFICIOS DE ACUERDOS Disfrute de los beneficios de [&hellip;]<\/p>\n","protected":false},"author":1,"featured_media":0,"parent":0,"menu_order":0,"comment_status":"closed","ping_status":"closed","template":"","meta":[],"acf":[],"_links":{"self":[{"href":"https:\/\/adozona.org\/es\/wp-json\/wp\/v2\/pages\/4131"}],"collection":[{"href":"https:\/\/adozona.org\/es\/wp-json\/wp\/v2\/pages"}],"about":[{"href":"https:\/\/adozona.org\/es\/wp-json\/wp\/v2\/types\/page"}],"author":[{"embeddable":true,"href":"https:\/\/adozona.org\/es\/wp-json\/wp\/v2\/users\/1"}],"replies":[{"embeddable":true,"href":"https:\/\/adozona.org\/es\/wp-json\/wp\/v2\/comments?post=4131"}],"version-history":[{"count":3,"href":"https:\/\/adozona.org\/es\/wp-json\/wp\/v2\/pages\/4131\/revisions"}],"predecessor-version":[{"id":4513,"href":"https:\/\/adozona.org\/es\/wp-json\/wp\/v2\/pages\/4131\/revisions\/4513"}],"wp:attachment":[{"href":"https:\/\/adozona.org\/es\/wp-json\/wp\/v2\/media?parent=4131"}],"curies":[{"name":"wp","href":"https:\/\/api.w.org\/{rel}","templated":true}]}}