{"id":4484,"date":"2022-08-04T11:18:50","date_gmt":"2022-08-04T11:18:50","guid":{"rendered":"https:\/\/localhost\/adozona\/?page_id=4484"},"modified":"2022-08-04T11:31:38","modified_gmt":"2022-08-04T11:31:38","slug":"cluster-textil","status":"publish","type":"page","link":"https:\/\/adozona.org\/es\/cluster-textil\/","title":{"rendered":"Cl\u00faster Textil"},"content":{"rendered":"<p>El Cl\u00faster Textil de la Rep\u00fablica Dominicana, fundado en 2021 por la Asociaci\u00f3n Dominicana de Zonas Francas, est\u00e1 conformado por empresas nacionales y multinacionales dedicadas a la manufactura textil en el pa\u00eds. <\/p>\n<p>Este cl\u00faster tiene como objetivo representar las necesidades de la industria textil en el pa\u00eds, interactuando con representantes de los diferentes factores que inciden en el desarrollo de la industria textil y su productividad.<\/p>","protected":false},"excerpt":{"rendered":"<p>El Cl\u00faster Textil de la Rep\u00fablica Dominicana, fundado en 2021 por la Asociaci\u00f3n Dominicana de Zonas Francas, est\u00e1 conformado por empresas nacionales y multinacionales dedicadas a la manufactura textil en el pa\u00eds. Este cl\u00faster tiene como objetivo representar las necesidades de la industria textil en el pa\u00eds, interactuando con representantes de los diferentes factores que inciden en el desarrollo de la industria textil y su productividad.<\/p>\n","protected":false},"author":1,"featured_media":4487,"parent":0,"menu_order":0,"comment_status":"closed","ping_status":"closed","template":"","meta":[],"acf":[],"_links":{"self":[{"href":"https:\/\/adozona.org\/es\/wp-json\/wp\/v2\/pages\/4484"}],"collection":[{"href":"https:\/\/adozona.org\/es\/wp-json\/wp\/v2\/pages"}],"about":[{"href":"https:\/\/adozona.org\/es\/wp-json\/wp\/v2\/types\/page"}],"author":[{"embeddable":true,"href":"https:\/\/adozona.org\/es\/wp-json\/wp\/v2\/users\/1"}],"replies":[{"embeddable":true,"href":"https:\/\/adozona.org\/es\/wp-json\/wp\/v2\/comments?post=4484"}],"version-history":[{"count":2,"href":"https:\/\/adozona.org\/es\/wp-json\/wp\/v2\/pages\/4484\/revisions"}],"predecessor-version":[{"id":4486,"href":"https:\/\/adozona.org\/es\/wp-json\/wp\/v2\/pages\/4484\/revisions\/4486"}],"wp:featuredmedia":[{"embeddable":true,"href":"https:\/\/adozona.org\/es\/wp-json\/wp\/v2\/media\/4487"}],"wp:attachment":[{"href":"https:\/\/adozona.org\/es\/wp-json\/wp\/v2\/media?parent=4484"}],"curies":[{"name":"wp","href":"https:\/\/api.w.org\/{rel}","templated":true}]}}