{"id":463,"date":"2017-01-23T19:02:02","date_gmt":"2017-01-23T19:02:02","guid":{"rendered":"http:\/\/192.99.35.21\/~adozona\/?page_id=463"},"modified":"2019-10-08T11:39:10","modified_gmt":"2019-10-08T11:39:10","slug":"promocion","status":"publish","type":"page","link":"https:\/\/adozona.org\/es\/zonas-francas\/promocion\/","title":{"rendered":"Promoci\u00f3n"},"content":{"rendered":"<p>ADOZONA se encuentran promoviendo la iniciativa de llevar colegios a diferentes parques de zonas francas del pa\u00eds a nivel nacional, con el objetivo de dar a conocer las operaciones de las ZF a estudiantes de t\u00e9rmino del bachillerato para mejorar su percepci\u00f3n del sector e influenciarlos a elegir carreras afines al sector.<\/p>","protected":false},"excerpt":{"rendered":"<p>ADOZONA se encuentran promoviendo la iniciativa de llevar colegios a diferentes parques de zonas francas del pa\u00eds a nivel nacional, con el objetivo de dar a conocer las operaciones de las ZF a estudiantes de t\u00e9rmino del bachillerato para mejorar su percepci\u00f3n del sector e influenciarlos a elegir carreras afines al sector.<\/p>\n","protected":false},"author":1,"featured_media":320,"parent":9,"menu_order":0,"comment_status":"closed","ping_status":"closed","template":"","meta":[],"acf":[],"_links":{"self":[{"href":"https:\/\/adozona.org\/es\/wp-json\/wp\/v2\/pages\/463"}],"collection":[{"href":"https:\/\/adozona.org\/es\/wp-json\/wp\/v2\/pages"}],"about":[{"href":"https:\/\/adozona.org\/es\/wp-json\/wp\/v2\/types\/page"}],"author":[{"embeddable":true,"href":"https:\/\/adozona.org\/es\/wp-json\/wp\/v2\/users\/1"}],"replies":[{"embeddable":true,"href":"https:\/\/adozona.org\/es\/wp-json\/wp\/v2\/comments?post=463"}],"version-history":[{"count":2,"href":"https:\/\/adozona.org\/es\/wp-json\/wp\/v2\/pages\/463\/revisions"}],"predecessor-version":[{"id":3230,"href":"https:\/\/adozona.org\/es\/wp-json\/wp\/v2\/pages\/463\/revisions\/3230"}],"up":[{"embeddable":true,"href":"https:\/\/adozona.org\/es\/wp-json\/wp\/v2\/pages\/9"}],"wp:featuredmedia":[{"embeddable":true,"href":"https:\/\/adozona.org\/es\/wp-json\/wp\/v2\/media\/320"}],"wp:attachment":[{"href":"https:\/\/adozona.org\/es\/wp-json\/wp\/v2\/media?parent=463"}],"curies":[{"name":"wp","href":"https:\/\/api.w.org\/{rel}","templated":true}]}}