{"id":9,"date":"2017-01-12T13:47:44","date_gmt":"2017-01-12T13:47:44","guid":{"rendered":"http:\/\/localhost\/adozona\/?page_id=9"},"modified":"2019-10-08T15:01:18","modified_gmt":"2019-10-08T15:01:18","slug":"zonas-francas","status":"publish","type":"page","link":"https:\/\/adozona.org\/es\/zonas-francas\/","title":{"rendered":"Zonas Francas"},"content":{"rendered":"<p>Las Zonas Francas Industriales empiezan su desarrollo en la Rep\u00fablica Dominicana en el a\u00f1o 1969 con la instalaci\u00f3n de una Zona Franca Industrial en la ciudad de La Romana.<\/p>\n<p>Esta primera zona fue impulsada por la empresa transnacional Gulf and Western Americas Corporation, que ven\u00eda operando en el pa\u00eds fundamentalmente en el sector azucarero desde 1967, a\u00f1o en que adquiri\u00f3 el central propiedad de la South Porto Rico Sugar Company.<\/p>\n<p>Este primer parque de zonas francas se instala apenas un a\u00f1o despu\u00e9s de la promulgaci\u00f3n de la Ley 299 de \u00abIncentivo y Protecci\u00f3n Industrial\u00bb. Esta legislaci\u00f3n es la que establec\u00eda est\u00edmulos importantes en t\u00e9rminos de exoneraciones impositivas para las empresas que en lo adelante se establecieran en las zonas francas industriales y dedicaran su producci\u00f3n a la exportaci\u00f3n.<\/p>","protected":false},"excerpt":{"rendered":"<p>Las Zonas Francas Industriales empiezan su desarrollo en la Rep\u00fablica Dominicana en el a\u00f1o 1969 con la instalaci\u00f3n de una Zona Franca Industrial en la ciudad de La Romana. Esta primera zona fue impulsada por la empresa transnacional Gulf and Western Americas Corporation, que ven\u00eda operando en el pa\u00eds fundamentalmente en el sector azucarero desde 1967, a\u00f1o en que adquiri\u00f3 el central propiedad de la South Porto Rico Sugar Company. Este primer parque de zonas francas se instala apenas un a\u00f1o despu\u00e9s de la promulgaci\u00f3n de la Ley 299 de \u00abIncentivo y Protecci\u00f3n Industrial\u00bb. Esta legislaci\u00f3n es la que establec\u00eda est\u00edmulos importantes en t\u00e9rminos de exoneraciones impositivas para las empresas que en lo adelante se establecieran en las zonas francas [&hellip;]<\/p>\n","protected":false},"author":1,"featured_media":318,"parent":0,"menu_order":0,"comment_status":"closed","ping_status":"closed","template":"","meta":[],"acf":[],"_links":{"self":[{"href":"https:\/\/adozona.org\/es\/wp-json\/wp\/v2\/pages\/9"}],"collection":[{"href":"https:\/\/adozona.org\/es\/wp-json\/wp\/v2\/pages"}],"about":[{"href":"https:\/\/adozona.org\/es\/wp-json\/wp\/v2\/types\/page"}],"author":[{"embeddable":true,"href":"https:\/\/adozona.org\/es\/wp-json\/wp\/v2\/users\/1"}],"replies":[{"embeddable":true,"href":"https:\/\/adozona.org\/es\/wp-json\/wp\/v2\/comments?post=9"}],"version-history":[{"count":6,"href":"https:\/\/adozona.org\/es\/wp-json\/wp\/v2\/pages\/9\/revisions"}],"predecessor-version":[{"id":3237,"href":"https:\/\/adozona.org\/es\/wp-json\/wp\/v2\/pages\/9\/revisions\/3237"}],"wp:featuredmedia":[{"embeddable":true,"href":"https:\/\/adozona.org\/es\/wp-json\/wp\/v2\/media\/318"}],"wp:attachment":[{"href":"https:\/\/adozona.org\/es\/wp-json\/wp\/v2\/media?parent=9"}],"curies":[{"name":"wp","href":"https:\/\/api.w.org\/{rel}","templated":true}]}}